{"id":2010,"date":"2020-11-13T12:06:44","date_gmt":"2020-11-13T11:06:44","guid":{"rendered":"https:\/\/luiz.com\/home\/"},"modified":"2026-01-19T12:56:26","modified_gmt":"2026-01-19T11:56:26","slug":"home","status":"publish","type":"page","link":"https:\/\/luiz.com\/en\/","title":{"rendered":"Home"},"content":{"rendered":"<p>LOREM IPSUM HANDCRAFTED, BUT REALLY, IT COMES FROM THE HEART.<\/p>\n","protected":false},"excerpt":{"rendered":"<p>LOREM IPSUM HANDCRAFTED, BUT REALLY, IT COMES FROM THE HEART.<\/p>\n","protected":false},"author":1,"featured_media":0,"parent":0,"menu_order":1,"comment_status":"closed","ping_status":"closed","template":"page-home.php","meta":{"_acf_changed":false,"footnotes":""},"class_list":["post-2010","page","type-page","status-publish","hentry"],"acf":[],"yoast_head":"<!-- This site is optimized with the Yoast SEO plugin v26.6 - https:\/\/yoast.com\/wordpress\/plugins\/seo\/ -->\n<title>Luiz &#8211;<\/title>\n<meta name=\"description\" content=\"\u00dcber 150 exklusive LUIZ-Stoffe in 850 fein nuancierten Farbstellungen er\u00f6ffnen einen exklusiven Kosmos von Sinneseindr\u00fccken.\" \/>\n<meta name=\"robots\" content=\"index, follow, max-snippet:-1, max-image-preview:large, max-video-preview:-1\" \/>\n<link rel=\"canonical\" href=\"https:\/\/luiz.com\/en\/\" \/>\n<meta property=\"og:locale\" content=\"en_US\" \/>\n<meta property=\"og:type\" content=\"article\" \/>\n<meta property=\"og:title\" content=\"Luiz &#8211;\" \/>\n<meta property=\"og:description\" content=\"\u00dcber 150 exklusive LUIZ-Stoffe in 850 fein nuancierten Farbstellungen er\u00f6ffnen einen exklusiven Kosmos von Sinneseindr\u00fccken.\" \/>\n<meta property=\"og:url\" content=\"https:\/\/luiz.com\/en\/\" \/>\n<meta property=\"og:site_name\" content=\"Luiz\" \/>\n<meta property=\"article:modified_time\" content=\"2026-01-19T11:56:26+00:00\" \/>\n<meta name=\"twitter:card\" content=\"summary_large_image\" \/>\n<script type=\"application\/ld+json\" class=\"yoast-schema-graph\">{\"@context\":\"https:\/\/schema.org\",\"@graph\":[{\"@type\":\"WebPage\",\"@id\":\"https:\/\/luiz.com\/en\/\",\"url\":\"https:\/\/luiz.com\/en\/\",\"name\":\"Luiz &#8211;\",\"isPartOf\":{\"@id\":\"https:\/\/luiz.com\/#website\"},\"datePublished\":\"2020-11-13T11:06:44+00:00\",\"dateModified\":\"2026-01-19T11:56:26+00:00\",\"description\":\"\u00dcber 150 exklusive LUIZ-Stoffe in 850 fein nuancierten Farbstellungen er\u00f6ffnen einen exklusiven Kosmos von Sinneseindr\u00fccken.\",\"breadcrumb\":{\"@id\":\"https:\/\/luiz.com\/en\/#breadcrumb\"},\"inLanguage\":\"en-US\",\"potentialAction\":[{\"@type\":\"ReadAction\",\"target\":[\"https:\/\/luiz.com\/en\/\"]}]},{\"@type\":\"BreadcrumbList\",\"@id\":\"https:\/\/luiz.com\/en\/#breadcrumb\",\"itemListElement\":[{\"@type\":\"ListItem\",\"position\":1,\"name\":\"Startseite\",\"item\":\"https:\/\/luiz.com\/en\/\"},{\"@type\":\"ListItem\",\"position\":2,\"name\":\"Home\"}]},{\"@type\":\"WebSite\",\"@id\":\"https:\/\/luiz.com\/#website\",\"url\":\"https:\/\/luiz.com\/\",\"name\":\"Luiz\",\"description\":\"Ma\u00dfarbeit, die alle Sinne ber\u00fchrt.\",\"publisher\":{\"@id\":\"https:\/\/luiz.com\/#organization\"},\"potentialAction\":[{\"@type\":\"SearchAction\",\"target\":{\"@type\":\"EntryPoint\",\"urlTemplate\":\"https:\/\/luiz.com\/?s={search_term_string}\"},\"query-input\":{\"@type\":\"PropertyValueSpecification\",\"valueRequired\":true,\"valueName\":\"search_term_string\"}}],\"inLanguage\":\"en-US\"},{\"@type\":\"Organization\",\"@id\":\"https:\/\/luiz.com\/#organization\",\"name\":\"Luiz\",\"url\":\"https:\/\/luiz.com\/\",\"logo\":{\"@type\":\"ImageObject\",\"inLanguage\":\"en-US\",\"@id\":\"https:\/\/luiz.com\/#\/schema\/logo\/image\/\",\"url\":\"https:\/\/luiz.com\/wp-content\/uploads\/LUIZ_Logo.svg\",\"contentUrl\":\"https:\/\/luiz.com\/wp-content\/uploads\/LUIZ_Logo.svg\",\"width\":1,\"height\":1,\"caption\":\"Luiz\"},\"image\":{\"@id\":\"https:\/\/luiz.com\/#\/schema\/logo\/image\/\"}}]}<\/script>\n<!-- \/ Yoast SEO plugin. -->","yoast_head_json":{"title":"Luiz &#8211;","description":"\u00dcber 150 exklusive LUIZ-Stoffe in 850 fein nuancierten Farbstellungen er\u00f6ffnen einen exklusiven Kosmos von Sinneseindr\u00fccken.","robots":{"index":"index","follow":"follow","max-snippet":"max-snippet:-1","max-image-preview":"max-image-preview:large","max-video-preview":"max-video-preview:-1"},"canonical":"https:\/\/luiz.com\/en\/","og_locale":"en_US","og_type":"article","og_title":"Luiz &#8211;","og_description":"\u00dcber 150 exklusive LUIZ-Stoffe in 850 fein nuancierten Farbstellungen er\u00f6ffnen einen exklusiven Kosmos von Sinneseindr\u00fccken.","og_url":"https:\/\/luiz.com\/en\/","og_site_name":"Luiz","article_modified_time":"2026-01-19T11:56:26+00:00","twitter_card":"summary_large_image","schema":{"@context":"https:\/\/schema.org","@graph":[{"@type":"WebPage","@id":"https:\/\/luiz.com\/en\/","url":"https:\/\/luiz.com\/en\/","name":"Luiz &#8211;","isPartOf":{"@id":"https:\/\/luiz.com\/#website"},"datePublished":"2020-11-13T11:06:44+00:00","dateModified":"2026-01-19T11:56:26+00:00","description":"\u00dcber 150 exklusive LUIZ-Stoffe in 850 fein nuancierten Farbstellungen er\u00f6ffnen einen exklusiven Kosmos von Sinneseindr\u00fccken.","breadcrumb":{"@id":"https:\/\/luiz.com\/en\/#breadcrumb"},"inLanguage":"en-US","potentialAction":[{"@type":"ReadAction","target":["https:\/\/luiz.com\/en\/"]}]},{"@type":"BreadcrumbList","@id":"https:\/\/luiz.com\/en\/#breadcrumb","itemListElement":[{"@type":"ListItem","position":1,"name":"Startseite","item":"https:\/\/luiz.com\/en\/"},{"@type":"ListItem","position":2,"name":"Home"}]},{"@type":"WebSite","@id":"https:\/\/luiz.com\/#website","url":"https:\/\/luiz.com\/","name":"Luiz","description":"Ma\u00dfarbeit, die alle Sinne ber\u00fchrt.","publisher":{"@id":"https:\/\/luiz.com\/#organization"},"potentialAction":[{"@type":"SearchAction","target":{"@type":"EntryPoint","urlTemplate":"https:\/\/luiz.com\/?s={search_term_string}"},"query-input":{"@type":"PropertyValueSpecification","valueRequired":true,"valueName":"search_term_string"}}],"inLanguage":"en-US"},{"@type":"Organization","@id":"https:\/\/luiz.com\/#organization","name":"Luiz","url":"https:\/\/luiz.com\/","logo":{"@type":"ImageObject","inLanguage":"en-US","@id":"https:\/\/luiz.com\/#\/schema\/logo\/image\/","url":"https:\/\/luiz.com\/wp-content\/uploads\/LUIZ_Logo.svg","contentUrl":"https:\/\/luiz.com\/wp-content\/uploads\/LUIZ_Logo.svg","width":1,"height":1,"caption":"Luiz"},"image":{"@id":"https:\/\/luiz.com\/#\/schema\/logo\/image\/"}}]}},"_links":{"self":[{"href":"https:\/\/luiz.com\/en\/wp-json\/wp\/v2\/pages\/2010","targetHints":{"allow":["GET"]}}],"collection":[{"href":"https:\/\/luiz.com\/en\/wp-json\/wp\/v2\/pages"}],"about":[{"href":"https:\/\/luiz.com\/en\/wp-json\/wp\/v2\/types\/page"}],"author":[{"embeddable":true,"href":"https:\/\/luiz.com\/en\/wp-json\/wp\/v2\/users\/1"}],"replies":[{"embeddable":true,"href":"https:\/\/luiz.com\/en\/wp-json\/wp\/v2\/comments?post=2010"}],"version-history":[{"count":12,"href":"https:\/\/luiz.com\/en\/wp-json\/wp\/v2\/pages\/2010\/revisions"}],"predecessor-version":[{"id":17484,"href":"https:\/\/luiz.com\/en\/wp-json\/wp\/v2\/pages\/2010\/revisions\/17484"}],"wp:attachment":[{"href":"https:\/\/luiz.com\/en\/wp-json\/wp\/v2\/media?parent=2010"}],"curies":[{"name":"wp","href":"https:\/\/api.w.org\/{rel}","templated":true}]}}